{"id":5328,"date":"2024-07-11T14:06:09","date_gmt":"2024-07-11T12:06:09","guid":{"rendered":"https:\/\/radiologie.aretis-staging.ch\/?page_id=5328"},"modified":"2024-07-30T14:26:03","modified_gmt":"2024-07-30T12:26:03","slug":"favourable-provision","status":"publish","type":"page","link":"https:\/\/radiologiezentrumbaden.ch\/en\/special-offer\/favourable-provision\/","title":{"rendered":"Vascular care"},"content":{"rendered":"<div data-elementor-type=\"wp-page\" data-elementor-id=\"5328\" class=\"elementor elementor-5328\" data-elementor-post-type=\"page\">\n\t\t\t\t<div class=\"elementor-element elementor-element-d8865c2 e-flex e-con-boxed e-con e-parent\" data-id=\"d8865c2\" data-element_type=\"container\" data-e-type=\"container\" data-settings=\"{&quot;background_background&quot;:&quot;classic&quot;}\">\n\t\t\t\t\t<div class=\"e-con-inner\">\n\t\t<div class=\"elementor-element elementor-element-06ead83 e-con-full e-flex e-con e-child\" data-id=\"06ead83\" data-element_type=\"container\" data-e-type=\"container\" data-settings=\"{&quot;animation&quot;:&quot;none&quot;}\">\n\t\t\t\t<div class=\"elementor-element elementor-element-496c1a9 elementor-widget elementor-widget-heading\" data-id=\"496c1a9\" data-element_type=\"widget\" data-e-type=\"widget\" data-settings=\"{&quot;_animation&quot;:&quot;none&quot;}\" data-widget_type=\"heading.default\">\n\t\t\t\t<div class=\"elementor-widget-container\">\n\t\t\t\t\t<h5 class=\"elementor-heading-title elementor-size-default\">Non-invasive &amp; precise<\/h5>\t\t\t\t<\/div>\n\t\t\t\t<\/div>\n\t\t\t\t<div class=\"elementor-element elementor-element-dfd6036 elementor-widget elementor-widget-heading\" data-id=\"dfd6036\" data-element_type=\"widget\" data-e-type=\"widget\" data-widget_type=\"heading.default\">\n\t\t\t\t<div class=\"elementor-widget-container\">\n\t\t\t\t\t<h1 class=\"elementor-heading-title elementor-size-default\">Vascular care<\/h1>\t\t\t\t<\/div>\n\t\t\t\t<\/div>\n\t\t\t\t<\/div>\n\t\t\t\t\t<\/div>\n\t\t\t\t<\/div>\n\t\t<div class=\"elementor-element elementor-element-d8ae567 e-flex e-con-boxed e-con e-parent\" data-id=\"d8ae567\" data-element_type=\"container\" data-e-type=\"container\" data-settings=\"{&quot;background_background&quot;:&quot;classic&quot;}\">\n\t\t\t\t\t<div class=\"e-con-inner\">\n\t\t<div class=\"elementor-element elementor-element-301f4ce e-con-full e-flex e-con e-child\" data-id=\"301f4ce\" data-element_type=\"container\" data-e-type=\"container\" data-settings=\"{&quot;animation&quot;:&quot;none&quot;}\">\n\t\t\t\t<div class=\"elementor-element elementor-element-9d84329 elementor-widget elementor-widget-heading\" data-id=\"9d84329\" data-element_type=\"widget\" data-e-type=\"widget\" data-settings=\"{&quot;_animation&quot;:&quot;none&quot;}\" data-widget_type=\"heading.default\">\n\t\t\t\t<div class=\"elementor-widget-container\">\n\t\t\t\t\t<h5 class=\"elementor-heading-title elementor-size-default\">Pathological changes<\/h5>\t\t\t\t<\/div>\n\t\t\t\t<\/div>\n\t\t\t\t<div class=\"elementor-element elementor-element-fcaf703 elementor-widget elementor-widget-heading\" data-id=\"fcaf703\" data-element_type=\"widget\" data-e-type=\"widget\" data-widget_type=\"heading.default\">\n\t\t\t\t<div class=\"elementor-widget-container\">\n\t\t\t\t\t<h2 class=\"elementor-heading-title elementor-size-default\">Risk assessment<\/h2>\t\t\t\t<\/div>\n\t\t\t\t<\/div>\n\t\t\t\t<div class=\"elementor-element elementor-element-0e064fc elementor-widget elementor-widget-text-editor\" data-id=\"0e064fc\" data-element_type=\"widget\" data-e-type=\"widget\" data-widget_type=\"text-editor.default\">\n\t\t\t\t<div class=\"elementor-widget-container\">\n\t\t\t\t\t\t\t\t\t<p>Pathological changes in the body's arterial vessels, such as constrictions (stenoses) or dilatations (aneurysms), can be reliably examined - either by radiation-free MRI or computer tomography.<\/p><p>This provides a risk assessment for strokes and heart attacks, but can also clarify the causes of erectile dysfunction (reduced male potency) or smoker's legs.<\/p>\t\t\t\t\t\t\t\t<\/div>\n\t\t\t\t<\/div>\n\t\t\t\t<\/div>\n\t\t<div class=\"elementor-element elementor-element-42d2481 e-con-full e-flex e-con e-child\" data-id=\"42d2481\" data-element_type=\"container\" data-e-type=\"container\">\n\t\t\t\t<div class=\"elementor-element elementor-element-76e8d01 elementor-invisible elementor-widget elementor-widget-image\" data-id=\"76e8d01\" data-element_type=\"widget\" data-e-type=\"widget\" data-settings=\"{&quot;_animation&quot;:&quot;fadeInDown&quot;}\" data-widget_type=\"image.default\">\n\t\t\t\t<div class=\"elementor-widget-container\">\n\t\t\t\t\t\t\t\t\t\t\t\t\t\t\t<img fetchpriority=\"high\" decoding=\"async\" width=\"1500\" height=\"1000\" src=\"https:\/\/radiologiezentrumbaden.ch\/wp-content\/uploads\/2024\/07\/gefaessvorsorge-1.jpg\" class=\"attachment-full size-full wp-image-6206\" alt=\"\" srcset=\"https:\/\/radiologiezentrumbaden.ch\/wp-content\/uploads\/2024\/07\/gefaessvorsorge-1.jpg 1500w, https:\/\/radiologiezentrumbaden.ch\/wp-content\/uploads\/2024\/07\/gefaessvorsorge-1-300x200.jpg 300w, https:\/\/radiologiezentrumbaden.ch\/wp-content\/uploads\/2024\/07\/gefaessvorsorge-1-1024x683.jpg 1024w, https:\/\/radiologiezentrumbaden.ch\/wp-content\/uploads\/2024\/07\/gefaessvorsorge-1-768x512.jpg 768w\" sizes=\"(max-width: 1500px) 100vw, 1500px\" \/>\t\t\t\t\t\t\t\t\t\t\t\t\t\t\t<\/div>\n\t\t\t\t<\/div>\n\t\t\t\t<\/div>\n\t\t\t\t\t<\/div>\n\t\t\t\t<\/div>\n\t\t<div class=\"elementor-element elementor-element-37170bd e-flex e-con-boxed e-con e-parent\" data-id=\"37170bd\" data-element_type=\"container\" data-e-type=\"container\" data-settings=\"{&quot;background_background&quot;:&quot;classic&quot;}\">\n\t\t\t\t\t<div class=\"e-con-inner\">\n\t\t<div class=\"elementor-element elementor-element-fef2f73 e-con-full e-flex e-con e-child\" data-id=\"fef2f73\" data-element_type=\"container\" data-e-type=\"container\">\n\t\t<div class=\"elementor-element elementor-element-d7cb0ce e-con-full e-flex e-con e-child\" data-id=\"d7cb0ce\" data-element_type=\"container\" data-e-type=\"container\">\n\t\t<div class=\"elementor-element elementor-element-6c681c5 e-con-full e-flex elementor-invisible e-con e-child\" data-id=\"6c681c5\" data-element_type=\"container\" data-e-type=\"container\" data-settings=\"{&quot;animation&quot;:&quot;fadeInUp&quot;}\">\n\t\t\t\t<div class=\"elementor-element elementor-element-1c49518 elementor-widget elementor-widget-heading\" data-id=\"1c49518\" data-element_type=\"widget\" data-e-type=\"widget\" data-widget_type=\"heading.default\">\n\t\t\t\t<div class=\"elementor-widget-container\">\n\t\t\t\t\t<h5 class=\"elementor-heading-title elementor-size-default\">We are happy to advise you<\/h5>\t\t\t\t<\/div>\n\t\t\t\t<\/div>\n\t\t\t\t<div class=\"elementor-element elementor-element-bce84ae elementor-widget elementor-widget-heading\" data-id=\"bce84ae\" data-element_type=\"widget\" data-e-type=\"widget\" data-widget_type=\"heading.default\">\n\t\t\t\t<div class=\"elementor-widget-container\">\n\t\t\t\t\t<h2 class=\"elementor-heading-title elementor-size-default\">Detailed representation of the arteries<\/h2>\t\t\t\t<\/div>\n\t\t\t\t<\/div>\n\t\t\t\t<\/div>\n\t\t<div class=\"elementor-element elementor-element-619b98d e-flex e-con-boxed e-con e-child\" data-id=\"619b98d\" data-element_type=\"container\" data-e-type=\"container\">\n\t\t\t\t\t<div class=\"e-con-inner\">\n\t\t<div class=\"elementor-element elementor-element-32ec14b e-flex e-con-boxed e-con e-child\" data-id=\"32ec14b\" data-element_type=\"container\" data-e-type=\"container\">\n\t\t\t\t\t<div class=\"e-con-inner\">\n\t\t\t\t<div class=\"elementor-element elementor-element-438a353 elementor-widget elementor-widget-text-editor\" data-id=\"438a353\" data-element_type=\"widget\" data-e-type=\"widget\" data-widget_type=\"text-editor.default\">\n\t\t\t\t<div class=\"elementor-widget-container\">\n\t\t\t\t\t\t\t\t\t<p>Vascular screening using MRI or CT provides a detailed image of the blood vessels and helps with the early detection of diseases such as aneurysms or arteriosclerosis. Our methods are non-invasive and provide precise images, allowing risks to be detected and treated at an early stage.<\/p>\t\t\t\t\t\t\t\t<\/div>\n\t\t\t\t<\/div>\n\t\t\t\t\t<\/div>\n\t\t\t\t<\/div>\n\t\t<div class=\"elementor-element elementor-element-bcbfe79 e-con-full e-flex e-con e-child\" data-id=\"bcbfe79\" data-element_type=\"container\" data-e-type=\"container\">\n\t\t<div class=\"elementor-element elementor-element-52ab711 e-flex e-con-boxed e-con e-child\" data-id=\"52ab711\" data-element_type=\"container\" data-e-type=\"container\">\n\t\t\t\t\t<div class=\"e-con-inner\">\n\t\t\t\t<div class=\"elementor-element elementor-element-7740256 elementor-view-framed elementor-shape-square elementor-widget elementor-widget-icon\" data-id=\"7740256\" data-element_type=\"widget\" data-e-type=\"widget\" data-widget_type=\"icon.default\">\n\t\t\t\t<div class=\"elementor-widget-container\">\n\t\t\t\t\t\t\t<div class=\"elementor-icon-wrapper\">\n\t\t\t<a class=\"elementor-icon\" href=\"https:\/\/radiologiezentrumbaden.ch\/en\/contact\/\">\n\t\t\t<svg xmlns=\"http:\/\/www.w3.org\/2000\/svg\" id=\"Ebene_1\" data-name=\"Ebene 1\" viewbox=\"0 0 48.85 49.06\"><path d=\"M32.42,35.67a3.74,3.74,0,0,0,.94-3.51C33,30.41,32.13,26.32,32,25.72V20.17a8,8,0,1,0-16,0v.6c-.09.73-1.24,9.93-1.51,11.46a4.3,4.3,0,0,0,.91,3.57,15.53,15.53,0,0,0-7,13,.77.77,0,0,0,.77.76.76.76,0,0,0,.76-.76,14,14,0,0,1,7-12.14l0,0a13.68,13.68,0,0,1,2.26-1.05l4.09,5.58a.75.75,0,0,0,.61.32.77.77,0,0,0,.62-.32l4.09-5.58A14.05,14.05,0,0,1,38,48.75a.77.77,0,0,0,.77.76.76.76,0,0,0,.76-.76A15.55,15.55,0,0,0,32.42,35.67Zm-4.49-2A8,8,0,0,0,31.32,30c.2,1,.4,1.9.55,2.54a2.38,2.38,0,0,1-.82,2.38A14.88,14.88,0,0,0,27.93,33.7ZM17.56,23.8c3.65-.4,7-3.55,8.24-4.91,2,2,4.69,5.24,4.69,6.91v.94a6.47,6.47,0,0,1-12.93,0Zm0-3.63a6.47,6.47,0,1,1,12.93,0v1.9a32.37,32.37,0,0,0-4.21-4.84l0,0,0,0,0,0-.06-.05-.07,0-.07,0-.07,0h-.36l-.08,0-.06,0-.07,0-.06,0-.06.06,0,0a0,0,0,0,0,0,0s0,0,0,0-3.71,4.43-7.61,5v-2.1ZM16,32.49c.08-.49.25-1.69.44-3.15a8,8,0,0,0,3.64,4.36A15.54,15.54,0,0,0,16.77,35,2.76,2.76,0,0,1,16,32.49Zm8,6.89-3.14-4.29a13.92,13.92,0,0,1,6.29,0Z\" transform=\"translate(-8.47 -6.66)\"><\/path><path d=\"M56.56,51H54.94A4.9,4.9,0,0,0,50.87,47v-.65h.27a.77.77,0,0,0,.76-.77.76.76,0,0,0-.76-.76H49.07a.76.76,0,0,0-.76.76.77.77,0,0,0,.76.77h.27V47A4.9,4.9,0,0,0,45.27,51h-36a.77.77,0,0,0-.77.76.78.78,0,0,0,.77.77H55.8V55a.76.76,0,0,0,1.52,0V51.8A.76.76,0,0,0,56.56,51ZM50.1,48.43A3.39,3.39,0,0,1,53.39,51H46.82A3.39,3.39,0,0,1,50.1,48.43Z\" transform=\"translate(-8.47 -6.66)\"><\/path><path d=\"M47.68,6.66a9.64,9.64,0,1,0,9.64,9.64A9.65,9.65,0,0,0,47.68,6.66Zm.77,17.71v-.85a.77.77,0,0,0-1.53,0v.85a8.12,8.12,0,0,1-7.31-7.31h.81a.76.76,0,0,0,.76-.76.77.77,0,0,0-.76-.77h-.81a8.13,8.13,0,0,1,7.31-7.31V9a.77.77,0,1,0,1.53,0V8.22a8.13,8.13,0,0,1,7.31,7.31H55a.77.77,0,0,0-.76.77.76.76,0,0,0,.76.76h.81A8.12,8.12,0,0,1,48.45,24.37Z\" transform=\"translate(-8.47 -6.66)\"><\/path><path d=\"M51,15.53H49.35a1.79,1.79,0,0,0-.9-.9V11.41a.77.77,0,1,0-1.53,0v3.22a1.84,1.84,0,0,0,.76,3.51,1.82,1.82,0,0,0,1.67-1.08H51a.76.76,0,0,0,.76-.76A.77.77,0,0,0,51,15.53Zm-3.32,1.08a.32.32,0,0,1,0-.63.32.32,0,1,1,0,.63Z\" transform=\"translate(-8.47 -6.66)\"><\/path><path d=\"M20.89,49.51H13.63a.77.77,0,0,1-.77-.76V44.12a.77.77,0,0,1,.77-.76h7.26a.76.76,0,0,1,.77.76v4.63A.76.76,0,0,1,20.89,49.51ZM14.39,48h5.74V44.88H14.39Z\" transform=\"translate(-8.47 -6.66)\"><\/path><\/svg>\t\t\t<\/a>\n\t\t<\/div>\n\t\t\t\t\t\t<\/div>\n\t\t\t\t<\/div>\n\t\t\t\t<div class=\"elementor-element elementor-element-45a8db7 elementor-widget elementor-widget-icon-box\" data-id=\"45a8db7\" data-element_type=\"widget\" data-e-type=\"widget\" data-widget_type=\"icon-box.default\">\n\t\t\t\t<div class=\"elementor-widget-container\">\n\t\t\t\t\t\t\t<div class=\"elementor-icon-box-wrapper\">\n\n\t\t\t\n\t\t\t\t\t\t<div class=\"elementor-icon-box-content\">\n\n\t\t\t\t\t\t\t\t\t<h3 class=\"elementor-icon-box-title\">\n\t\t\t\t\t\t<a href=\"https:\/\/radiologiezentrumbaden.ch\/en\/contact\/\" >\n\t\t\t\t\t\t\tAdvice &amp; Contact\t\t\t\t\t\t<\/a>\n\t\t\t\t\t<\/h3>\n\t\t\t\t\n\t\t\t\t\t\t\t\t\t<p class=\"elementor-icon-box-description\">\n\t\t\t\t\t\tInform now\t\t\t\t\t<\/p>\n\t\t\t\t\n\t\t\t<\/div>\n\t\t\t\n\t\t<\/div>\n\t\t\t\t\t\t<\/div>\n\t\t\t\t<\/div>\n\t\t\t\t\t<\/div>\n\t\t\t\t<\/div>\n\t\t\t\t<\/div>\n\t\t\t\t\t<\/div>\n\t\t\t\t<\/div>\n\t\t\t\t<\/div>\n\t\t\t\t<\/div>\n\t\t\t\t\t<\/div>\n\t\t\t\t<\/div>\n\t\t\t\t<\/div>","protected":false},"excerpt":{"rendered":"<p>Non-invasive &amp; precise vascular screening Pathological changes Risk assessment Pathological changes in the body's arterial vessels, such as narrowing (stenoses) or widening (aneurysms), can be reliably examined - either without radiation using MRI or computer tomography. This enables a risk assessment for strokes and heart attacks, but also causes of erectile dysfunction (reduced male potency) or smoker's legs can be [...].<\/p>","protected":false},"author":2,"featured_media":0,"parent":5194,"menu_order":3,"comment_status":"closed","ping_status":"closed","template":"elementor_header_footer","meta":{"footnotes":""},"folder":[],"class_list":["post-5328","page","type-page","status-publish","hentry"],"yoast_head":"<!-- This site is optimized with the Yoast SEO plugin v27.4 - https:\/\/yoast.com\/product\/yoast-seo-wordpress\/ -->\n<title>Gef\u00e4ssvorsorge - Radiologisches Zentrum Baden<\/title>\n<meta name=\"robots\" content=\"index, follow, max-snippet:-1, max-image-preview:large, max-video-preview:-1\" \/>\n<link rel=\"canonical\" href=\"https:\/\/radiologiezentrumbaden.ch\/en\/special-offer\/favourable-provision\/\" \/>\n<meta property=\"og:locale\" content=\"en_US\" \/>\n<meta property=\"og:type\" content=\"article\" \/>\n<meta property=\"og:title\" content=\"Gef\u00e4ssvorsorge - Radiologisches Zentrum Baden\" \/>\n<meta property=\"og:description\" content=\"Nicht-invasiv &amp; pr\u00e4zise Gef\u00e4ssvorsorge Krankhafte Ver\u00e4nderungen Risikoabsch\u00e4tzung Krankhafte Ver\u00e4nderungen der arteriellen Gef\u00e4sse des K\u00f6rpers, wie z.B. Engstellen (Stenosen) oder Aufweitungen (Aneurysmen), k\u00f6nnen zuverl\u00e4ssig untersucht werden &#8211; sei es strahlenfrei mittels MRT oder in der Computertomographie. Hierdurch erfolgt eine Risikoabsch\u00e4tzung f\u00fcr Schlaganf\u00e4lle und Herzinfarkte, aber auch Ursachen der Erektilen Dysfunktion (verminderte m\u00e4nnliche Potenz) oder Raucherbeine k\u00f6nnen [&hellip;]\" \/>\n<meta property=\"og:url\" content=\"https:\/\/radiologiezentrumbaden.ch\/en\/special-offer\/favourable-provision\/\" \/>\n<meta property=\"og:site_name\" content=\"Radiologisches Zentrum Baden\" \/>\n<meta property=\"article:modified_time\" content=\"2024-07-30T12:26:03+00:00\" \/>\n<meta property=\"og:image\" content=\"https:\/\/radiologiezentrumbaden.ch\/wp-content\/uploads\/2024\/07\/gefaessvorsorge-1.jpg\" \/>\n<meta name=\"twitter:card\" content=\"summary_large_image\" \/>\n<meta name=\"twitter:label1\" content=\"Est. reading time\" \/>\n\t<meta name=\"twitter:data1\" content=\"1 minute\" \/>\n<script type=\"application\/ld+json\" class=\"yoast-schema-graph\">{\"@context\":\"https:\\\/\\\/schema.org\",\"@graph\":[{\"@type\":\"WebPage\",\"@id\":\"https:\\\/\\\/radiologiezentrumbaden.ch\\\/spezialangebot\\\/gefaess-vorsorge\\\/\",\"url\":\"https:\\\/\\\/radiologiezentrumbaden.ch\\\/spezialangebot\\\/gefaess-vorsorge\\\/\",\"name\":\"Gef\u00e4ssvorsorge - Radiologisches Zentrum Baden\",\"isPartOf\":{\"@id\":\"https:\\\/\\\/radiologiezentrumbaden.ch\\\/#website\"},\"primaryImageOfPage\":{\"@id\":\"https:\\\/\\\/radiologiezentrumbaden.ch\\\/spezialangebot\\\/gefaess-vorsorge\\\/#primaryimage\"},\"image\":{\"@id\":\"https:\\\/\\\/radiologiezentrumbaden.ch\\\/spezialangebot\\\/gefaess-vorsorge\\\/#primaryimage\"},\"thumbnailUrl\":\"https:\\\/\\\/radiologiezentrumbaden.ch\\\/wp-content\\\/uploads\\\/2024\\\/07\\\/gefaessvorsorge-1.jpg\",\"datePublished\":\"2024-07-11T12:06:09+00:00\",\"dateModified\":\"2024-07-30T12:26:03+00:00\",\"breadcrumb\":{\"@id\":\"https:\\\/\\\/radiologiezentrumbaden.ch\\\/spezialangebot\\\/gefaess-vorsorge\\\/#breadcrumb\"},\"inLanguage\":\"en-US\",\"potentialAction\":[{\"@type\":\"ReadAction\",\"target\":[\"https:\\\/\\\/radiologiezentrumbaden.ch\\\/spezialangebot\\\/gefaess-vorsorge\\\/\"]}]},{\"@type\":\"ImageObject\",\"inLanguage\":\"en-US\",\"@id\":\"https:\\\/\\\/radiologiezentrumbaden.ch\\\/spezialangebot\\\/gefaess-vorsorge\\\/#primaryimage\",\"url\":\"https:\\\/\\\/radiologiezentrumbaden.ch\\\/wp-content\\\/uploads\\\/2024\\\/07\\\/gefaessvorsorge-1.jpg\",\"contentUrl\":\"https:\\\/\\\/radiologiezentrumbaden.ch\\\/wp-content\\\/uploads\\\/2024\\\/07\\\/gefaessvorsorge-1.jpg\"},{\"@type\":\"BreadcrumbList\",\"@id\":\"https:\\\/\\\/radiologiezentrumbaden.ch\\\/spezialangebot\\\/gefaess-vorsorge\\\/#breadcrumb\",\"itemListElement\":[{\"@type\":\"ListItem\",\"position\":1,\"name\":\"Startseite\",\"item\":\"https:\\\/\\\/radiologiezentrumbaden.ch\\\/\"},{\"@type\":\"ListItem\",\"position\":2,\"name\":\"Spezialangebot\",\"item\":\"https:\\\/\\\/radiologiezentrumbaden.ch\\\/spezialangebot\\\/\"},{\"@type\":\"ListItem\",\"position\":3,\"name\":\"Gef\u00e4ssvorsorge\"}]},{\"@type\":\"WebSite\",\"@id\":\"https:\\\/\\\/radiologiezentrumbaden.ch\\\/#website\",\"url\":\"https:\\\/\\\/radiologiezentrumbaden.ch\\\/\",\"name\":\"Radiologisches Zentrum Baden\",\"description\":\"\",\"publisher\":{\"@id\":\"https:\\\/\\\/radiologiezentrumbaden.ch\\\/#organization\"},\"potentialAction\":[{\"@type\":\"SearchAction\",\"target\":{\"@type\":\"EntryPoint\",\"urlTemplate\":\"https:\\\/\\\/radiologiezentrumbaden.ch\\\/?s={search_term_string}\"},\"query-input\":{\"@type\":\"PropertyValueSpecification\",\"valueRequired\":true,\"valueName\":\"search_term_string\"}}],\"inLanguage\":\"en-US\"},{\"@type\":\"Organization\",\"@id\":\"https:\\\/\\\/radiologiezentrumbaden.ch\\\/#organization\",\"name\":\"Radiologisches Zentrum Baden\",\"url\":\"https:\\\/\\\/radiologiezentrumbaden.ch\\\/\",\"logo\":{\"@type\":\"ImageObject\",\"inLanguage\":\"en-US\",\"@id\":\"https:\\\/\\\/radiologiezentrumbaden.ch\\\/#\\\/schema\\\/logo\\\/image\\\/\",\"url\":\"https:\\\/\\\/radiologiezentrumbaden.ch\\\/wp-content\\\/uploads\\\/2023\\\/01\\\/radiologiezentrum_logo.png\",\"contentUrl\":\"https:\\\/\\\/radiologiezentrumbaden.ch\\\/wp-content\\\/uploads\\\/2023\\\/01\\\/radiologiezentrum_logo.png\",\"width\":512,\"height\":139,\"caption\":\"Radiologisches Zentrum Baden\"},\"image\":{\"@id\":\"https:\\\/\\\/radiologiezentrumbaden.ch\\\/#\\\/schema\\\/logo\\\/image\\\/\"}}]}<\/script>\n<!-- \/ Yoast SEO plugin. -->","yoast_head_json":{"title":"Vascular screening - Radiologisches Zentrum Baden","robots":{"index":"index","follow":"follow","max-snippet":"max-snippet:-1","max-image-preview":"max-image-preview:large","max-video-preview":"max-video-preview:-1"},"canonical":"https:\/\/radiologiezentrumbaden.ch\/en\/special-offer\/favourable-provision\/","og_locale":"en_US","og_type":"article","og_title":"Gef\u00e4ssvorsorge - Radiologisches Zentrum Baden","og_description":"Nicht-invasiv &amp; pr\u00e4zise Gef\u00e4ssvorsorge Krankhafte Ver\u00e4nderungen Risikoabsch\u00e4tzung Krankhafte Ver\u00e4nderungen der arteriellen Gef\u00e4sse des K\u00f6rpers, wie z.B. Engstellen (Stenosen) oder Aufweitungen (Aneurysmen), k\u00f6nnen zuverl\u00e4ssig untersucht werden &#8211; sei es strahlenfrei mittels MRT oder in der Computertomographie. Hierdurch erfolgt eine Risikoabsch\u00e4tzung f\u00fcr Schlaganf\u00e4lle und Herzinfarkte, aber auch Ursachen der Erektilen Dysfunktion (verminderte m\u00e4nnliche Potenz) oder Raucherbeine k\u00f6nnen [&hellip;]","og_url":"https:\/\/radiologiezentrumbaden.ch\/en\/special-offer\/favourable-provision\/","og_site_name":"Radiologisches Zentrum Baden","article_modified_time":"2024-07-30T12:26:03+00:00","og_image":[{"url":"https:\/\/radiologiezentrumbaden.ch\/wp-content\/uploads\/2024\/07\/gefaessvorsorge-1.jpg","type":"","width":"","height":""}],"twitter_card":"summary_large_image","twitter_misc":{"Est. reading time":"1 minute"},"schema":{"@context":"https:\/\/schema.org","@graph":[{"@type":"WebPage","@id":"https:\/\/radiologiezentrumbaden.ch\/spezialangebot\/gefaess-vorsorge\/","url":"https:\/\/radiologiezentrumbaden.ch\/spezialangebot\/gefaess-vorsorge\/","name":"Vascular screening - Radiologisches Zentrum Baden","isPartOf":{"@id":"https:\/\/radiologiezentrumbaden.ch\/#website"},"primaryImageOfPage":{"@id":"https:\/\/radiologiezentrumbaden.ch\/spezialangebot\/gefaess-vorsorge\/#primaryimage"},"image":{"@id":"https:\/\/radiologiezentrumbaden.ch\/spezialangebot\/gefaess-vorsorge\/#primaryimage"},"thumbnailUrl":"https:\/\/radiologiezentrumbaden.ch\/wp-content\/uploads\/2024\/07\/gefaessvorsorge-1.jpg","datePublished":"2024-07-11T12:06:09+00:00","dateModified":"2024-07-30T12:26:03+00:00","breadcrumb":{"@id":"https:\/\/radiologiezentrumbaden.ch\/spezialangebot\/gefaess-vorsorge\/#breadcrumb"},"inLanguage":"en-US","potentialAction":[{"@type":"ReadAction","target":["https:\/\/radiologiezentrumbaden.ch\/spezialangebot\/gefaess-vorsorge\/"]}]},{"@type":"ImageObject","inLanguage":"en-US","@id":"https:\/\/radiologiezentrumbaden.ch\/spezialangebot\/gefaess-vorsorge\/#primaryimage","url":"https:\/\/radiologiezentrumbaden.ch\/wp-content\/uploads\/2024\/07\/gefaessvorsorge-1.jpg","contentUrl":"https:\/\/radiologiezentrumbaden.ch\/wp-content\/uploads\/2024\/07\/gefaessvorsorge-1.jpg"},{"@type":"BreadcrumbList","@id":"https:\/\/radiologiezentrumbaden.ch\/spezialangebot\/gefaess-vorsorge\/#breadcrumb","itemListElement":[{"@type":"ListItem","position":1,"name":"Startseite","item":"https:\/\/radiologiezentrumbaden.ch\/"},{"@type":"ListItem","position":2,"name":"Spezialangebot","item":"https:\/\/radiologiezentrumbaden.ch\/spezialangebot\/"},{"@type":"ListItem","position":3,"name":"Gef\u00e4ssvorsorge"}]},{"@type":"WebSite","@id":"https:\/\/radiologiezentrumbaden.ch\/#website","url":"https:\/\/radiologiezentrumbaden.ch\/","name":"Radiology Center Baden","description":"","publisher":{"@id":"https:\/\/radiologiezentrumbaden.ch\/#organization"},"potentialAction":[{"@type":"SearchAction","target":{"@type":"EntryPoint","urlTemplate":"https:\/\/radiologiezentrumbaden.ch\/?s={search_term_string}"},"query-input":{"@type":"PropertyValueSpecification","valueRequired":true,"valueName":"search_term_string"}}],"inLanguage":"en-US"},{"@type":"Organization","@id":"https:\/\/radiologiezentrumbaden.ch\/#organization","name":"Radiology Center Baden","url":"https:\/\/radiologiezentrumbaden.ch\/","logo":{"@type":"ImageObject","inLanguage":"en-US","@id":"https:\/\/radiologiezentrumbaden.ch\/#\/schema\/logo\/image\/","url":"https:\/\/radiologiezentrumbaden.ch\/wp-content\/uploads\/2023\/01\/radiologiezentrum_logo.png","contentUrl":"https:\/\/radiologiezentrumbaden.ch\/wp-content\/uploads\/2023\/01\/radiologiezentrum_logo.png","width":512,"height":139,"caption":"Radiologisches Zentrum Baden"},"image":{"@id":"https:\/\/radiologiezentrumbaden.ch\/#\/schema\/logo\/image\/"}}]}},"_links":{"self":[{"href":"https:\/\/radiologiezentrumbaden.ch\/en\/wp-json\/wp\/v2\/pages\/5328","targetHints":{"allow":["GET"]}}],"collection":[{"href":"https:\/\/radiologiezentrumbaden.ch\/en\/wp-json\/wp\/v2\/pages"}],"about":[{"href":"https:\/\/radiologiezentrumbaden.ch\/en\/wp-json\/wp\/v2\/types\/page"}],"author":[{"embeddable":true,"href":"https:\/\/radiologiezentrumbaden.ch\/en\/wp-json\/wp\/v2\/users\/2"}],"replies":[{"embeddable":true,"href":"https:\/\/radiologiezentrumbaden.ch\/en\/wp-json\/wp\/v2\/comments?post=5328"}],"version-history":[{"count":10,"href":"https:\/\/radiologiezentrumbaden.ch\/en\/wp-json\/wp\/v2\/pages\/5328\/revisions"}],"predecessor-version":[{"id":6434,"href":"https:\/\/radiologiezentrumbaden.ch\/en\/wp-json\/wp\/v2\/pages\/5328\/revisions\/6434"}],"up":[{"embeddable":true,"href":"https:\/\/radiologiezentrumbaden.ch\/en\/wp-json\/wp\/v2\/pages\/5194"}],"wp:attachment":[{"href":"https:\/\/radiologiezentrumbaden.ch\/en\/wp-json\/wp\/v2\/media?parent=5328"}],"wp:term":[{"taxonomy":"folder","embeddable":true,"href":"https:\/\/radiologiezentrumbaden.ch\/en\/wp-json\/wp\/v2\/folder?post=5328"}],"curies":[{"name":"wp","href":"https:\/\/api.w.org\/{rel}","templated":true}]}}